{"id":362,"date":"2019-12-26T17:47:40","date_gmt":"2019-12-26T17:47:40","guid":{"rendered":"https:\/\/ficcion.mx\/luxurywatch\/?post_type=product&#038;p=362"},"modified":"2020-01-27T21:08:58","modified_gmt":"2020-01-27T21:08:58","slug":"mk3221","status":"publish","type":"product","link":"https:\/\/ficcion.mx\/luxurywatch\/producto\/mk3221\/","title":{"rendered":"MK3221"},"content":{"rendered":"<p>Marca:\u00a0MICHAEL KORS<br \/>\nFamilia o Colecci\u00f3n:\u00a0Slim Runway<br \/>\nColor del Extensible:\u00a0Negro<br \/>\nResistencia al Agua:\u00a050 m<br \/>\nG\u00e9nero:\u00a0Dama<br \/>\nBisel:\u00a0Acero<br \/>\nEdici\u00f3n:\u00a0L\u00ednea<br \/>\nCaracter\u00edsticas:\u00a0Material de la caja acero, 3 manecillas, medida de la car\u00e1tula<br \/>\n42mm<br \/>\nColor:\u00a0Negro<br \/>\nColor de la Car\u00e1tula:\u00a0Negro<br \/>\nCristal Reloj:\u00a0Mineral<br \/>\nFijaci\u00f3n:\u00a0Mariposa<br \/>\nFuncionamiento: Cuarzo<br \/>\nMaterial:\u00a0Acero<\/p>\n","protected":false},"excerpt":{"rendered":"<p>G\u00e9nero:\u00a0Dama<br \/>\nFuncionamiento:\u00a0An\u00e1logo<br \/>\nBisel:\u00a0Acero<br \/>\nFijaci\u00f3n:\u00a0Mariposa<br \/>\nCaracter\u00edsticas:\u00a0Reloj con movimiento de cuarzo<br \/>\nGarant\u00eda:\u00a02 a\u00f1os directamente con el proveedor<br \/>\nOtra Informaci\u00f3n:\u00a0Limpiar con un pa\u00f1o suave o l\u00edquido especial para relojer\u00eda<br \/>\nMaterial del extensible:\u00a0Acero<br \/>\nResistencia al agua:\u00a050 m<\/p>\n","protected":false},"featured_media":365,"template":"","meta":[],"product_cat":[24],"product_tag":[39],"class_list":{"0":"post-362","1":"product","2":"type-product","3":"status-publish","4":"has-post-thumbnail","6":"product_cat-michael-kors","7":"product_tag-dama","9":"first","10":"instock","11":"sale","12":"shipping-taxable","13":"purchasable","14":"product-type-simple"},"_links":{"self":[{"href":"https:\/\/ficcion.mx\/luxurywatch\/wp-json\/wp\/v2\/product\/362","targetHints":{"allow":["GET"]}}],"collection":[{"href":"https:\/\/ficcion.mx\/luxurywatch\/wp-json\/wp\/v2\/product"}],"about":[{"href":"https:\/\/ficcion.mx\/luxurywatch\/wp-json\/wp\/v2\/types\/product"}],"wp:featuredmedia":[{"embeddable":true,"href":"https:\/\/ficcion.mx\/luxurywatch\/wp-json\/wp\/v2\/media\/365"}],"wp:attachment":[{"href":"https:\/\/ficcion.mx\/luxurywatch\/wp-json\/wp\/v2\/media?parent=362"}],"wp:term":[{"taxonomy":"product_cat","embeddable":true,"href":"https:\/\/ficcion.mx\/luxurywatch\/wp-json\/wp\/v2\/product_cat?post=362"},{"taxonomy":"product_tag","embeddable":true,"href":"https:\/\/ficcion.mx\/luxurywatch\/wp-json\/wp\/v2\/product_tag?post=362"}],"curies":[{"name":"wp","href":"https:\/\/api.w.org\/{rel}","templated":true}]}}