{"id":534,"date":"2020-01-10T06:11:09","date_gmt":"2020-01-10T06:11:09","guid":{"rendered":"https:\/\/ficcion.mx\/luxurywatch\/?post_type=product&#038;p=534"},"modified":"2020-01-10T06:15:33","modified_gmt":"2020-01-10T06:15:33","slug":"mk2784","status":"publish","type":"product","link":"https:\/\/ficcion.mx\/luxurywatch\/producto\/mk2784\/","title":{"rendered":"MK2784"},"content":{"rendered":"<p>Marca:\u00a0MICHAEL KORS<br \/>\nG\u00e9nero:\u00a0Dama<br \/>\nFuncionamiento:\u00a0An\u00e1logo<br \/>\nBisel:\u00a0Acero<br \/>\nFijaci\u00f3n:\u00a0Hebilla<br \/>\nCaracter\u00edsticas:\u00a0Reloj con movimiento de cuarzo<br \/>\nGarant\u00eda:\u00a02 a\u00f1os directamente con el proveedor<br \/>\nOtra Informaci\u00f3n:\u00a0Limpiar con un pa\u00f1o suave o l\u00edquido especial para relojer\u00eda<\/p>\n","protected":false},"excerpt":{"rendered":"<p>Color:\u00a0Rojo<br \/>\nColor de la Car\u00e1tula:\u00a0Blanco<br \/>\nColor extensible\/varilla:\u00a0Rojo<br \/>\nCristal reloj:\u00a0Mineral<br \/>\nFamilia o Colecci\u00f3n:\u00a0Pyper<br \/>\nTipo de reloj:\u00a0Reloj moda<br \/>\nMaterial del extensible:\u00a0Piel<br \/>\nResistencia al agua:\u00a050 m<br \/>\nTama\u00f1o de la Caja:\u00a038 mm<\/p>\n","protected":false},"featured_media":536,"template":"","meta":[],"product_cat":[24],"product_tag":[39],"class_list":{"0":"post-534","1":"product","2":"type-product","3":"status-publish","4":"has-post-thumbnail","6":"product_cat-michael-kors","7":"product_tag-dama","9":"first","10":"instock","11":"sale","12":"shipping-taxable","13":"purchasable","14":"product-type-simple"},"_links":{"self":[{"href":"https:\/\/ficcion.mx\/luxurywatch\/wp-json\/wp\/v2\/product\/534","targetHints":{"allow":["GET"]}}],"collection":[{"href":"https:\/\/ficcion.mx\/luxurywatch\/wp-json\/wp\/v2\/product"}],"about":[{"href":"https:\/\/ficcion.mx\/luxurywatch\/wp-json\/wp\/v2\/types\/product"}],"wp:featuredmedia":[{"embeddable":true,"href":"https:\/\/ficcion.mx\/luxurywatch\/wp-json\/wp\/v2\/media\/536"}],"wp:attachment":[{"href":"https:\/\/ficcion.mx\/luxurywatch\/wp-json\/wp\/v2\/media?parent=534"}],"wp:term":[{"taxonomy":"product_cat","embeddable":true,"href":"https:\/\/ficcion.mx\/luxurywatch\/wp-json\/wp\/v2\/product_cat?post=534"},{"taxonomy":"product_tag","embeddable":true,"href":"https:\/\/ficcion.mx\/luxurywatch\/wp-json\/wp\/v2\/product_tag?post=534"}],"curies":[{"name":"wp","href":"https:\/\/api.w.org\/{rel}","templated":true}]}}