{"id":542,"date":"2020-01-10T17:59:27","date_gmt":"2020-01-10T17:59:27","guid":{"rendered":"https:\/\/ficcion.mx\/luxurywatch\/?post_type=product&#038;p=542"},"modified":"2020-01-10T20:47:39","modified_gmt":"2020-01-10T20:47:39","slug":"napplh005","status":"publish","type":"product","link":"https:\/\/ficcion.mx\/luxurywatch\/producto\/napplh005\/","title":{"rendered":"NAPPLH005"},"content":{"rendered":"<p>G\u00e9nero: Caballero<br \/>\nModelo: NAPPLH005<br \/>\nForma del producto: Redondo<br \/>\nTipo de cristal del dial: Mineral<br \/>\nVisualizaci\u00f3n: Anal\u00f3gico<br \/>\nTipo de cierre: Hebilla<br \/>\nCorrea: De acero inoxidable, longitud promedio de hombre, 22 mil\u00edmetros de<br \/>\nanchura, color plata<br \/>\nMovimiento: Cuarzo<br \/>\nCaja: Acero inoxidable, di\u00e1metro de 45 mil\u00edmetros, grosor de 11 mil\u00edmetros<\/p>\n","protected":false},"excerpt":{"rendered":"<p>Resistencia al Agua: 100 m<br \/>\nPeso: 182g<br \/>\nFunci\u00f3n del Bisel: Formato horario de 24 horas<br \/>\nColor del dial: negro<\/p>\n","protected":false},"featured_media":421,"template":"","meta":[],"product_cat":[61],"product_tag":[38],"class_list":{"0":"post-542","1":"product","2":"type-product","3":"status-publish","4":"has-post-thumbnail","6":"product_cat-nautica","7":"product_tag-caballero","9":"first","10":"instock","11":"sale","12":"shipping-taxable","13":"purchasable","14":"product-type-simple"},"_links":{"self":[{"href":"https:\/\/ficcion.mx\/luxurywatch\/wp-json\/wp\/v2\/product\/542","targetHints":{"allow":["GET"]}}],"collection":[{"href":"https:\/\/ficcion.mx\/luxurywatch\/wp-json\/wp\/v2\/product"}],"about":[{"href":"https:\/\/ficcion.mx\/luxurywatch\/wp-json\/wp\/v2\/types\/product"}],"wp:featuredmedia":[{"embeddable":true,"href":"https:\/\/ficcion.mx\/luxurywatch\/wp-json\/wp\/v2\/media\/421"}],"wp:attachment":[{"href":"https:\/\/ficcion.mx\/luxurywatch\/wp-json\/wp\/v2\/media?parent=542"}],"wp:term":[{"taxonomy":"product_cat","embeddable":true,"href":"https:\/\/ficcion.mx\/luxurywatch\/wp-json\/wp\/v2\/product_cat?post=542"},{"taxonomy":"product_tag","embeddable":true,"href":"https:\/\/ficcion.mx\/luxurywatch\/wp-json\/wp\/v2\/product_tag?post=542"}],"curies":[{"name":"wp","href":"https:\/\/api.w.org\/{rel}","templated":true}]}}