{"id":548,"date":"2020-01-10T18:30:43","date_gmt":"2020-01-10T18:30:43","guid":{"rendered":"https:\/\/ficcion.mx\/luxurywatch\/?post_type=product&#038;p=548"},"modified":"2020-01-10T18:36:48","modified_gmt":"2020-01-10T18:36:48","slug":"nai18512g","status":"publish","type":"product","link":"https:\/\/ficcion.mx\/luxurywatch\/producto\/nai18512g\/","title":{"rendered":"NAI18512G"},"content":{"rendered":"<p>G\u00e9nero: Caballero<br \/>\nModelo: NAI18512G<br \/>\nForma del producto: Redondo<br \/>\nCorrea: De piel de becerro, longitud promedio de hombre, 22 mil\u00edmetros de<br \/>\nanchura, color azul<br \/>\nMovimiento: Cuarzo<br \/>\nCaja: Acero inoxidable, di\u00e1metro de 43 mil\u00edmetros, grosor de 12 mil\u00edmetros<\/p>\n","protected":false},"excerpt":{"rendered":"<p>Tipo de cristal del dial: Mineral<br \/>\nVisualizaci\u00f3n: Anal\u00f3gico<br \/>\nTipo de cierre: Armella<br \/>\nResistencia al Agua: 100 m<br \/>\nBisel: Acero<br \/>\nColor del dial: Negro<\/p>\n","protected":false},"featured_media":551,"template":"","meta":[],"product_cat":[61],"product_tag":[38],"class_list":{"0":"post-548","1":"product","2":"type-product","3":"status-publish","4":"has-post-thumbnail","6":"product_cat-nautica","7":"product_tag-caballero","9":"first","10":"instock","11":"sale","12":"shipping-taxable","13":"purchasable","14":"product-type-simple"},"_links":{"self":[{"href":"https:\/\/ficcion.mx\/luxurywatch\/wp-json\/wp\/v2\/product\/548","targetHints":{"allow":["GET"]}}],"collection":[{"href":"https:\/\/ficcion.mx\/luxurywatch\/wp-json\/wp\/v2\/product"}],"about":[{"href":"https:\/\/ficcion.mx\/luxurywatch\/wp-json\/wp\/v2\/types\/product"}],"wp:featuredmedia":[{"embeddable":true,"href":"https:\/\/ficcion.mx\/luxurywatch\/wp-json\/wp\/v2\/media\/551"}],"wp:attachment":[{"href":"https:\/\/ficcion.mx\/luxurywatch\/wp-json\/wp\/v2\/media?parent=548"}],"wp:term":[{"taxonomy":"product_cat","embeddable":true,"href":"https:\/\/ficcion.mx\/luxurywatch\/wp-json\/wp\/v2\/product_cat?post=548"},{"taxonomy":"product_tag","embeddable":true,"href":"https:\/\/ficcion.mx\/luxurywatch\/wp-json\/wp\/v2\/product_tag?post=548"}],"curies":[{"name":"wp","href":"https:\/\/api.w.org\/{rel}","templated":true}]}}