{"id":559,"date":"2020-01-10T18:41:45","date_gmt":"2020-01-10T18:41:45","guid":{"rendered":"https:\/\/ficcion.mx\/luxurywatch\/?post_type=product&#038;p=559"},"modified":"2020-01-10T18:48:43","modified_gmt":"2020-01-10T18:48:43","slug":"nad09518g","status":"publish","type":"product","link":"https:\/\/ficcion.mx\/luxurywatch\/producto\/nad09518g\/","title":{"rendered":"NAD09518G"},"content":{"rendered":"<p>G\u00e9nero: Caballero<br \/>\nModelo: NAD09518G<br \/>\nForma del producto: Redondo<br \/>\nCorrea: De silicona, longitud promedio de hombre, 22 mil\u00edmetros de anchura,color verde<br \/>\nMovimiento: Cuarzo<br \/>\nCaja: Acero inoxidable, di\u00e1metro de 44 mil\u00edmetros, grosor de 13 mil\u00edmetros<\/p>\n","protected":false},"excerpt":{"rendered":"<p>Tipo de cristal del dial: Mineral<br \/>\nVisualizaci\u00f3n: Anal\u00f3gico<br \/>\nTipo de cierre: Correa desplegable con Hebilla<br \/>\nResistencia al Agua: 100 m<br \/>\nPeso: 911 gr<br \/>\nColor del dial: Verde<\/p>\n","protected":false},"featured_media":562,"template":"","meta":[],"product_cat":[61],"product_tag":[38],"class_list":{"0":"post-559","1":"product","2":"type-product","3":"status-publish","4":"has-post-thumbnail","6":"product_cat-nautica","7":"product_tag-caballero","9":"first","10":"instock","11":"sale","12":"shipping-taxable","13":"purchasable","14":"product-type-simple"},"_links":{"self":[{"href":"https:\/\/ficcion.mx\/luxurywatch\/wp-json\/wp\/v2\/product\/559","targetHints":{"allow":["GET"]}}],"collection":[{"href":"https:\/\/ficcion.mx\/luxurywatch\/wp-json\/wp\/v2\/product"}],"about":[{"href":"https:\/\/ficcion.mx\/luxurywatch\/wp-json\/wp\/v2\/types\/product"}],"wp:featuredmedia":[{"embeddable":true,"href":"https:\/\/ficcion.mx\/luxurywatch\/wp-json\/wp\/v2\/media\/562"}],"wp:attachment":[{"href":"https:\/\/ficcion.mx\/luxurywatch\/wp-json\/wp\/v2\/media?parent=559"}],"wp:term":[{"taxonomy":"product_cat","embeddable":true,"href":"https:\/\/ficcion.mx\/luxurywatch\/wp-json\/wp\/v2\/product_cat?post=559"},{"taxonomy":"product_tag","embeddable":true,"href":"https:\/\/ficcion.mx\/luxurywatch\/wp-json\/wp\/v2\/product_tag?post=559"}],"curies":[{"name":"wp","href":"https:\/\/api.w.org\/{rel}","templated":true}]}}