{"id":644,"date":"2020-01-17T20:39:22","date_gmt":"2020-01-17T20:39:22","guid":{"rendered":"https:\/\/ficcion.mx\/luxurywatch\/?post_type=product&#038;p=644"},"modified":"2020-01-17T20:48:20","modified_gmt":"2020-01-17T20:48:20","slug":"ax4326","status":"publish","type":"product","link":"https:\/\/ficcion.mx\/luxurywatch\/producto\/ax4326\/","title":{"rendered":"AX4326"},"content":{"rendered":"<p>G\u00e9nero: Dama<br \/>\nModelo: AX4326<br \/>\nForma del producto: Redondo<br \/>\nColor del dial: dorado<br \/>\nCorrea: De acero inoxidable, 9 mil\u00edmetros de anchura, color oro rosa<br \/>\nMovimiento: Cuarzo Japon\u00e9s<br \/>\nCaja: Acero inoxidable, di\u00e1metro de 36 mil\u00edmetros, grosor de 10 mil\u00edmetros<\/p>\n","protected":false},"excerpt":{"rendered":"<p>Tipo de cristal del dial: Mineral<br \/>\nVisualizaci\u00f3n: Anal\u00f3gico<br \/>\nResistencia al Agua: 50 m<br \/>\nPeso: 249g<\/p>\n","protected":false},"featured_media":647,"template":"","meta":[],"product_cat":[56],"product_tag":[39],"class_list":{"0":"post-644","1":"product","2":"type-product","3":"status-publish","4":"has-post-thumbnail","6":"product_cat-armani-exchange","7":"product_tag-dama","9":"first","10":"instock","11":"sale","12":"shipping-taxable","13":"purchasable","14":"product-type-simple"},"_links":{"self":[{"href":"https:\/\/ficcion.mx\/luxurywatch\/wp-json\/wp\/v2\/product\/644","targetHints":{"allow":["GET"]}}],"collection":[{"href":"https:\/\/ficcion.mx\/luxurywatch\/wp-json\/wp\/v2\/product"}],"about":[{"href":"https:\/\/ficcion.mx\/luxurywatch\/wp-json\/wp\/v2\/types\/product"}],"wp:featuredmedia":[{"embeddable":true,"href":"https:\/\/ficcion.mx\/luxurywatch\/wp-json\/wp\/v2\/media\/647"}],"wp:attachment":[{"href":"https:\/\/ficcion.mx\/luxurywatch\/wp-json\/wp\/v2\/media?parent=644"}],"wp:term":[{"taxonomy":"product_cat","embeddable":true,"href":"https:\/\/ficcion.mx\/luxurywatch\/wp-json\/wp\/v2\/product_cat?post=644"},{"taxonomy":"product_tag","embeddable":true,"href":"https:\/\/ficcion.mx\/luxurywatch\/wp-json\/wp\/v2\/product_tag?post=644"}],"curies":[{"name":"wp","href":"https:\/\/api.w.org\/{rel}","templated":true}]}}