{"id":654,"date":"2020-01-17T20:53:43","date_gmt":"2020-01-17T20:53:43","guid":{"rendered":"https:\/\/ficcion.mx\/luxurywatch\/?post_type=product&#038;p=654"},"modified":"2020-01-17T21:00:27","modified_gmt":"2020-01-17T21:00:27","slug":"ax1504","status":"publish","type":"product","link":"https:\/\/ficcion.mx\/luxurywatch\/producto\/ax1504\/","title":{"rendered":"AX1504"},"content":{"rendered":"<p>G\u00e9nero: Caballero<br \/>\nModelo: AX1504<br \/>\nForma del producto: Redondo<br \/>\nColor del dial: Dorado<br \/>\nCorrea: De acero inoxidable, longitud promedio de hombre, 22 mil\u00edmetros de<br \/>\nanchura, color dorado<br \/>\nMovimiento: Cuarzo japon\u00e9s<br \/>\nCaracter\u00edsticas especiales: Cron\u00f3grafo<br \/>\nCaja: De acero inoxidable, di\u00e1metro de 48 mil\u00edmetros, grosor de 14 mil\u00edmetros<\/p>\n","protected":false},"excerpt":{"rendered":"<p>Tipo de cristal del dial: Mineral<br \/>\nVisualizaci\u00f3n: Anal\u00f3gico<br \/>\nTipo de cierre: Cierre desplegable con doble bot\u00f3n de seguridad<br \/>\nPeso: 120g<br \/>\nResistencia al agua: 100 metros<\/p>\n","protected":false},"featured_media":657,"template":"","meta":[],"product_cat":[56],"product_tag":[39],"class_list":{"0":"post-654","1":"product","2":"type-product","3":"status-publish","4":"has-post-thumbnail","6":"product_cat-armani-exchange","7":"product_tag-dama","9":"first","10":"instock","11":"sale","12":"shipping-taxable","13":"purchasable","14":"product-type-simple"},"_links":{"self":[{"href":"https:\/\/ficcion.mx\/luxurywatch\/wp-json\/wp\/v2\/product\/654","targetHints":{"allow":["GET"]}}],"collection":[{"href":"https:\/\/ficcion.mx\/luxurywatch\/wp-json\/wp\/v2\/product"}],"about":[{"href":"https:\/\/ficcion.mx\/luxurywatch\/wp-json\/wp\/v2\/types\/product"}],"wp:featuredmedia":[{"embeddable":true,"href":"https:\/\/ficcion.mx\/luxurywatch\/wp-json\/wp\/v2\/media\/657"}],"wp:attachment":[{"href":"https:\/\/ficcion.mx\/luxurywatch\/wp-json\/wp\/v2\/media?parent=654"}],"wp:term":[{"taxonomy":"product_cat","embeddable":true,"href":"https:\/\/ficcion.mx\/luxurywatch\/wp-json\/wp\/v2\/product_cat?post=654"},{"taxonomy":"product_tag","embeddable":true,"href":"https:\/\/ficcion.mx\/luxurywatch\/wp-json\/wp\/v2\/product_tag?post=654"}],"curies":[{"name":"wp","href":"https:\/\/api.w.org\/{rel}","templated":true}]}}