{"id":659,"date":"2020-01-17T21:00:45","date_gmt":"2020-01-17T21:00:45","guid":{"rendered":"https:\/\/ficcion.mx\/luxurywatch\/?post_type=product&#038;p=659"},"modified":"2020-01-20T15:43:40","modified_gmt":"2020-01-20T15:43:40","slug":"ax4345","status":"publish","type":"product","link":"https:\/\/ficcion.mx\/luxurywatch\/producto\/ax4345\/","title":{"rendered":"AX4345"},"content":{"rendered":"<p>G\u00e9nero: Dama<br \/>\nModelo: AX4345<br \/>\nForma del producto: Redondo<br \/>\nColor del dial: plateado<br \/>\nCorrea: De acero inoxidable, longitud promedio de hombre, 9 mil\u00edmetros de<br \/>\nanchura, color plateado<br \/>\nMovimiento: Cuarzo japon\u00e9s<br \/>\nCaja: Acero inoxidable, di\u00e1metro de 36 mil\u00edmetros, grosor de 9 mil\u00edmetros<\/p>\n","protected":false},"excerpt":{"rendered":"<p>Tipo de cristal del dial: Mineral<br \/>\nVisualizaci\u00f3n: Anal\u00f3gico<br \/>\nTipo de cierre: Cierre a presi\u00f3n con desbloqueo doble por botones con seguro<br \/>\nResistencia al Agua: 50 m<br \/>\nPeso: 249g<\/p>\n","protected":false},"featured_media":663,"template":"","meta":[],"product_cat":[56],"product_tag":[39],"class_list":{"0":"post-659","1":"product","2":"type-product","3":"status-publish","4":"has-post-thumbnail","6":"product_cat-armani-exchange","7":"product_tag-dama","9":"first","10":"instock","11":"sale","12":"shipping-taxable","13":"purchasable","14":"product-type-simple"},"_links":{"self":[{"href":"https:\/\/ficcion.mx\/luxurywatch\/wp-json\/wp\/v2\/product\/659","targetHints":{"allow":["GET"]}}],"collection":[{"href":"https:\/\/ficcion.mx\/luxurywatch\/wp-json\/wp\/v2\/product"}],"about":[{"href":"https:\/\/ficcion.mx\/luxurywatch\/wp-json\/wp\/v2\/types\/product"}],"wp:featuredmedia":[{"embeddable":true,"href":"https:\/\/ficcion.mx\/luxurywatch\/wp-json\/wp\/v2\/media\/663"}],"wp:attachment":[{"href":"https:\/\/ficcion.mx\/luxurywatch\/wp-json\/wp\/v2\/media?parent=659"}],"wp:term":[{"taxonomy":"product_cat","embeddable":true,"href":"https:\/\/ficcion.mx\/luxurywatch\/wp-json\/wp\/v2\/product_cat?post=659"},{"taxonomy":"product_tag","embeddable":true,"href":"https:\/\/ficcion.mx\/luxurywatch\/wp-json\/wp\/v2\/product_tag?post=659"}],"curies":[{"name":"wp","href":"https:\/\/api.w.org\/{rel}","templated":true}]}}