{"id":665,"date":"2020-01-20T15:43:51","date_gmt":"2020-01-20T15:43:51","guid":{"rendered":"https:\/\/ficcion.mx\/luxurywatch\/?post_type=product&#038;p=665"},"modified":"2020-01-20T16:01:17","modified_gmt":"2020-01-20T16:01:17","slug":"ax4321","status":"publish","type":"product","link":"https:\/\/ficcion.mx\/luxurywatch\/producto\/ax4321\/","title":{"rendered":"AX4321"},"content":{"rendered":"<p>G\u00e9nero: Dama<br \/>\nModelo: AX4321<br \/>\nForma del producto: Redondo<br \/>\nColor del dial: plata<br \/>\nCorrea: De acero inoxidable, longitud promedio de hombre, 18 mil\u00edmetros de<br \/>\nanchura, color oro<br \/>\nMovimiento: Cuarzo<br \/>\nCaja: Acero inoxidable, di\u00e1metro de 35 mil\u00edmetros, grosor de 9.5 mil\u00edmetros<\/p>\n","protected":false},"excerpt":{"rendered":"<p>Tipo de cristal del dial: Mineral<br \/>\nVisualizaci\u00f3n: Anal\u00f3gico<br \/>\nTipo de cierre: Desplegable<br \/>\nResistencia al Agua: 50 m<br \/>\nPeso: 102g<\/p>\n","protected":false},"featured_media":668,"template":"","meta":[],"product_cat":[56],"product_tag":[39],"class_list":{"0":"post-665","1":"product","2":"type-product","3":"status-publish","4":"has-post-thumbnail","6":"product_cat-armani-exchange","7":"product_tag-dama","9":"first","10":"instock","11":"sale","12":"shipping-taxable","13":"purchasable","14":"product-type-simple"},"_links":{"self":[{"href":"https:\/\/ficcion.mx\/luxurywatch\/wp-json\/wp\/v2\/product\/665","targetHints":{"allow":["GET"]}}],"collection":[{"href":"https:\/\/ficcion.mx\/luxurywatch\/wp-json\/wp\/v2\/product"}],"about":[{"href":"https:\/\/ficcion.mx\/luxurywatch\/wp-json\/wp\/v2\/types\/product"}],"wp:featuredmedia":[{"embeddable":true,"href":"https:\/\/ficcion.mx\/luxurywatch\/wp-json\/wp\/v2\/media\/668"}],"wp:attachment":[{"href":"https:\/\/ficcion.mx\/luxurywatch\/wp-json\/wp\/v2\/media?parent=665"}],"wp:term":[{"taxonomy":"product_cat","embeddable":true,"href":"https:\/\/ficcion.mx\/luxurywatch\/wp-json\/wp\/v2\/product_cat?post=665"},{"taxonomy":"product_tag","embeddable":true,"href":"https:\/\/ficcion.mx\/luxurywatch\/wp-json\/wp\/v2\/product_tag?post=665"}],"curies":[{"name":"wp","href":"https:\/\/api.w.org\/{rel}","templated":true}]}}