{"id":671,"date":"2020-01-20T15:52:14","date_gmt":"2020-01-20T15:52:14","guid":{"rendered":"https:\/\/ficcion.mx\/luxurywatch\/?post_type=product&#038;p=671"},"modified":"2020-01-20T16:02:13","modified_gmt":"2020-01-20T16:02:13","slug":"ax5600","status":"publish","type":"product","link":"https:\/\/ficcion.mx\/luxurywatch\/producto\/ax5600\/","title":{"rendered":"AX5600"},"content":{"rendered":"<p>G\u00e9nero: Dama<br \/>\nModelo: AX5600<br \/>\nForma del producto: Redondo<br \/>\nColor del dial: N\u00e1car<br \/>\nCorrea: De acero inoxidable, longitud promedio de mujer, 14 mil\u00edmetros de<br \/>\nanchura, color plata<br \/>\nMovimiento: Cuarzo<br \/>\nCaja: De acero inoxidable, di\u00e1metro de 38 mil\u00edmetros, grosor de 8 mil\u00edmetros<\/p>\n","protected":false},"excerpt":{"rendered":"<p>Tipo de cristal del dial: Mineral<br \/>\nVisualizaci\u00f3n: Anal\u00f3gico<br \/>\nResistencia al Agua: 50 m<br \/>\nPeso: 85g<\/p>\n","protected":false},"featured_media":675,"template":"","meta":[],"product_cat":[56],"product_tag":[39],"class_list":{"0":"post-671","1":"product","2":"type-product","3":"status-publish","4":"has-post-thumbnail","6":"product_cat-armani-exchange","7":"product_tag-dama","9":"first","10":"instock","11":"sale","12":"shipping-taxable","13":"purchasable","14":"product-type-simple"},"_links":{"self":[{"href":"https:\/\/ficcion.mx\/luxurywatch\/wp-json\/wp\/v2\/product\/671","targetHints":{"allow":["GET"]}}],"collection":[{"href":"https:\/\/ficcion.mx\/luxurywatch\/wp-json\/wp\/v2\/product"}],"about":[{"href":"https:\/\/ficcion.mx\/luxurywatch\/wp-json\/wp\/v2\/types\/product"}],"wp:featuredmedia":[{"embeddable":true,"href":"https:\/\/ficcion.mx\/luxurywatch\/wp-json\/wp\/v2\/media\/675"}],"wp:attachment":[{"href":"https:\/\/ficcion.mx\/luxurywatch\/wp-json\/wp\/v2\/media?parent=671"}],"wp:term":[{"taxonomy":"product_cat","embeddable":true,"href":"https:\/\/ficcion.mx\/luxurywatch\/wp-json\/wp\/v2\/product_cat?post=671"},{"taxonomy":"product_tag","embeddable":true,"href":"https:\/\/ficcion.mx\/luxurywatch\/wp-json\/wp\/v2\/product_tag?post=671"}],"curies":[{"name":"wp","href":"https:\/\/api.w.org\/{rel}","templated":true}]}}