{"id":708,"date":"2020-01-20T17:01:34","date_gmt":"2020-01-20T17:01:34","guid":{"rendered":"https:\/\/ficcion.mx\/luxurywatch\/?post_type=product&#038;p=708"},"modified":"2020-01-20T17:06:45","modified_gmt":"2020-01-20T17:06:45","slug":"ax1825","status":"publish","type":"product","link":"https:\/\/ficcion.mx\/luxurywatch\/producto\/ax1825\/","title":{"rendered":"AX1825"},"content":{"rendered":"<p>G\u00e9nero: Caballero<br \/>\nModelo: AX1825<br \/>\nForma del producto: Redondo<br \/>\nColor de dial: Negro<br \/>\nCorrea: De acero inoxidable, longitud promedio de hombre, 22 mil\u00edmetros de anchura, color negro<br \/>\nMovimiento: Cuarzo<br \/>\nCaja: Acero inoxidable, di\u00e1metro de 46 mil\u00edmetros, grosor de 12 mil\u00edmetros<\/p>\n","protected":false},"excerpt":{"rendered":"<p>Tipo de cristal del dial: Mineral<br \/>\nVisualizaci\u00f3n: Anal\u00f3gico<br \/>\nTipo de cierre: Cierre desplegable con seguridad de doble pulsador Resistencia al Agua: 100 m<br \/>\nPeso: 120g<\/p>\n","protected":false},"featured_media":711,"template":"","meta":[],"product_cat":[56],"product_tag":[38],"class_list":{"0":"post-708","1":"product","2":"type-product","3":"status-publish","4":"has-post-thumbnail","6":"product_cat-armani-exchange","7":"product_tag-caballero","9":"first","10":"instock","11":"sale","12":"shipping-taxable","13":"purchasable","14":"product-type-simple"},"_links":{"self":[{"href":"https:\/\/ficcion.mx\/luxurywatch\/wp-json\/wp\/v2\/product\/708","targetHints":{"allow":["GET"]}}],"collection":[{"href":"https:\/\/ficcion.mx\/luxurywatch\/wp-json\/wp\/v2\/product"}],"about":[{"href":"https:\/\/ficcion.mx\/luxurywatch\/wp-json\/wp\/v2\/types\/product"}],"wp:featuredmedia":[{"embeddable":true,"href":"https:\/\/ficcion.mx\/luxurywatch\/wp-json\/wp\/v2\/media\/711"}],"wp:attachment":[{"href":"https:\/\/ficcion.mx\/luxurywatch\/wp-json\/wp\/v2\/media?parent=708"}],"wp:term":[{"taxonomy":"product_cat","embeddable":true,"href":"https:\/\/ficcion.mx\/luxurywatch\/wp-json\/wp\/v2\/product_cat?post=708"},{"taxonomy":"product_tag","embeddable":true,"href":"https:\/\/ficcion.mx\/luxurywatch\/wp-json\/wp\/v2\/product_tag?post=708"}],"curies":[{"name":"wp","href":"https:\/\/api.w.org\/{rel}","templated":true}]}}